{"id":72,"date":"2025-05-12T10:44:20","date_gmt":"2025-05-12T10:44:20","guid":{"rendered":"https:\/\/express-parking.ro\/?page_id=72"},"modified":"2026-02-24T08:03:14","modified_gmt":"2026-02-24T08:03:14","slug":"home","status":"publish","type":"page","link":"https:\/\/express-parking.ro\/","title":{"rendered":"HOME"},"content":{"rendered":"\n<div class=\"wp-block-cover alignfull has-parallax has-base-color has-text-color has-link-color has-x-large-font-size wp-elements-d87c4aa0da824688879e5d7c6077da85\" style=\"margin-top:var(--wp--preset--spacing--10);margin-bottom:var(--wp--preset--spacing--10);padding-top:var(--wp--preset--spacing--10);padding-right:0;padding-bottom:var(--wp--preset--spacing--10);padding-left:0;min-height:507px;aspect-ratio:unset;\"><div class=\"wp-block-cover__image-background wp-image-19 size-large has-parallax\" style=\"background-position:50% 50%;background-image:url(https:\/\/express-parking.ro\/wp-content\/uploads\/2025\/05\/pexels-ezequiel-alfonso-express-parking-cj1-1024x768.jpg)\"><\/div><span aria-hidden=\"true\" class=\"wp-block-cover__background has-background-dim-10 has-background-dim\"><\/span><div class=\"wp-block-cover__inner-container has-global-padding is-layout-constrained wp-container-core-cover-is-layout-e322f364 wp-block-cover-is-layout-constrained\">\n<h1 class=\"wp-block-heading has-base-color has-text-color has-link-color has-xx-large-font-size wp-elements-46fdd3acbd6569e443314a3016d1add4\" style=\"padding-right:var(--wp--preset--spacing--10);padding-left:var(--wp--preset--spacing--10)\"><strong>EXPRESS PARKING<\/strong><\/h1>\n\n\n\n<div style=\"height:18px\" aria-hidden=\"true\" class=\"wp-block-spacer\"><\/div>\n\n\n\n<div class=\"wp-block-group is-vertical is-layout-flex wp-container-core-group-is-layout-fe9cc265 wp-block-group-is-layout-flex\">\n<p class=\"has-large-font-size\" style=\"padding-top:0;padding-right:var(--wp--preset--spacing--10);padding-bottom:0;padding-left:var(--wp--preset--spacing--10)\">PARCARE PRIVAT\u0102 <strong>VIS-A-VIS<\/strong> DE INTRAREA IN AEROPORTUL INTERNA\u021aIONAL CLUJ-NAPOCA<\/p>\n<\/div>\n<\/div><\/div>\n\n\n\n<div class=\"wp-block-group alignfull has-base-2-background-color has-background is-layout-flow wp-block-group-is-layout-flow\" style=\"margin-top:0;margin-bottom:0;padding-top:var(--wp--preset--spacing--30);padding-right:var(--wp--preset--spacing--50);padding-bottom:var(--wp--preset--spacing--30);padding-left:var(--wp--preset--spacing--50)\">\n<div class=\"wp-block-group is-vertical is-content-justification-center is-layout-flex wp-container-core-group-is-layout-52b864f0 wp-block-group-is-layout-flex\">\n<h1 class=\"wp-block-heading has-text-align-center is-style-asterisk has-x-large-font-size\"><strong>EXPRESS PARKING CLUJ &#8211; NAPOCA v\u0103 ofer\u0103 servicii de parcare \u00een imediata vecin\u0103tate a aeroportului interna\u021bional <strong>\u201d<\/strong>Avram Iancu<strong>\u201d<\/strong> Cluj &#8211; Napoca <\/strong><\/h1>\n\n\n\n<p class=\"has-text-align-center\"><strong>(l\u00e2ng\u0103 sensul giratoriu din fa\u021ba intr\u0103rii)<\/strong><\/p>\n\n\n\n<div style=\"height:0px\" aria-hidden=\"true\" class=\"wp-block-spacer wp-container-content-4f2ccadb\"><\/div>\n\n\n\n<p class=\"has-text-align-center has-large-font-size\">Profit\u0103 de avantajele oferite \u0219i bucur\u0103-te de vacan\u021b\u0103, f\u0103r\u0103 griji!<\/p>\n<\/div>\n\n\n\n<div style=\"margin-top:0;margin-bottom:0;height:23px;width:0px\" aria-hidden=\"true\" class=\"wp-block-spacer\"><\/div>\n\n\n\n<div class=\"wp-block-columns alignwide is-layout-flex wp-container-core-columns-is-layout-d0bbbce0 wp-block-columns-is-layout-flex\">\n<div class=\"wp-block-column is-layout-flow wp-container-core-column-is-layout-e3d1c41b wp-block-column-is-layout-flow\">\n<h3 class=\"wp-block-heading has-text-align-left is-style-asterisk has-body-font-family has-medium-font-size\" style=\"font-style:normal;font-weight:600\">Parcare aeroport Cluj monitorizare video 24\/7<\/h3>\n\n\n\n<p class=\"has-text-align-left\"><\/p>\n<\/div>\n\n\n\n<div class=\"wp-block-column is-layout-flow wp-container-core-column-is-layout-e3d1c41b wp-block-column-is-layout-flow\">\n<h3 class=\"wp-block-heading has-text-align-left is-style-asterisk has-body-font-family has-medium-font-size\" style=\"font-style:normal;font-weight:600\">parcare luminat\u0103 pe toata perioada nop\u021bii<\/h3>\n\n\n\n<p class=\"has-text-align-left\"><\/p>\n<\/div>\n\n\n\n<div class=\"wp-block-column is-layout-flow wp-container-core-column-is-layout-e3d1c41b wp-block-column-is-layout-flow\">\n<h3 class=\"wp-block-heading has-text-align-left is-style-asterisk has-body-font-family has-medium-font-size\" style=\"font-style:normal;font-weight:600\">personal disponibil 24\/7<\/h3>\n\n\n\n<p class=\"has-text-align-left\"><\/p>\n<\/div>\n<\/div>\n\n\n\n<div style=\"height:13px;width:0px\" aria-hidden=\"true\" class=\"wp-block-spacer\"><\/div>\n\n\n\n<div class=\"wp-block-columns alignwide is-layout-flex wp-container-core-columns-is-layout-d0bbbce0 wp-block-columns-is-layout-flex\">\n<div class=\"wp-block-column is-layout-flow wp-container-core-column-is-layout-e3d1c41b wp-block-column-is-layout-flow\">\n<h3 class=\"wp-block-heading has-text-align-left is-style-asterisk has-body-font-family has-medium-font-size\" style=\"font-style:normal;font-weight:600\">posibilitate de plat\u0103 prin cash\/card\/transfer bancar<\/h3>\n\n\n\n<p class=\"has-text-align-left\"><\/p>\n<\/div>\n\n\n\n<div class=\"wp-block-column is-layout-flow wp-container-core-column-is-layout-e3d1c41b wp-block-column-is-layout-flow\">\n<h3 class=\"wp-block-heading has-text-align-left is-style-asterisk has-body-font-family has-medium-font-size\" style=\"font-style:normal;font-weight:600\">pre\u021buri negociabile<\/h3>\n\n\n\n<p class=\"has-text-align-left\"><\/p>\n<\/div>\n\n\n\n<div class=\"wp-block-column is-layout-flow wp-container-core-column-is-layout-e3d1c41b wp-block-column-is-layout-flow\">\n<h3 class=\"wp-block-heading has-text-align-left is-style-asterisk has-body-font-family has-medium-font-size\" style=\"font-style:normal;font-weight:600\">program de func\u021bionare non-stop<\/h3>\n\n\n\n<p class=\"has-text-align-left\"><\/p>\n<\/div>\n<\/div>\n\n\n\n<p><\/p>\n\n\n\n<h3 class=\"wp-block-heading has-text-align-center is-style-asterisk has-large-font-size\" style=\"padding-top:0;padding-right:0;padding-bottom:0;padding-left:0\"><strong>Fiind vis-a-vis, la doar 30 m de intrare, scapi de timpul pierdut cu transferul la\/de la aeroport<\/strong>!<\/h3>\n\n\n\n<p><\/p>\n\n\n\n<h2 class=\"wp-block-heading has-text-align-center\"><a href=\"https:\/\/express-parking.ro\/index.php\/tarife\/\" data-type=\"page\" data-id=\"194\">TARIFE EXTRASEZON<\/a><\/h2>\n\n\n\n<figure class=\"wp-block-image aligncenter size-large is-resized\" id=\"tarife\"><img loading=\"lazy\" decoding=\"async\" width=\"827\" height=\"1024\" src=\"https:\/\/express-parking.ro\/wp-content\/uploads\/2025\/11\/IMG_1907-827x1024.jpg\" alt=\"\" class=\"wp-image-219\" style=\"width:614px;height:auto\" srcset=\"https:\/\/express-parking.ro\/wp-content\/uploads\/2025\/11\/IMG_1907-827x1024.jpg 827w, https:\/\/express-parking.ro\/wp-content\/uploads\/2025\/11\/IMG_1907-242x300.jpg 242w, https:\/\/express-parking.ro\/wp-content\/uploads\/2025\/11\/IMG_1907-768x951.jpg 768w, https:\/\/express-parking.ro\/wp-content\/uploads\/2025\/11\/IMG_1907-1240x1536.jpg 1240w, https:\/\/express-parking.ro\/wp-content\/uploads\/2025\/11\/IMG_1907.jpg 1320w\" sizes=\"auto, (max-width: 827px) 100vw, 827px\" \/><\/figure>\n\n\n\n<div class=\"wp-block-cover is-light has-custom-content-position is-position-top-center\" style=\"min-height:1053px;aspect-ratio:unset;\"><img loading=\"lazy\" decoding=\"async\" width=\"1024\" height=\"724\" class=\"wp-block-cover__image-background wp-image-154 size-large\" alt=\"\" src=\"https:\/\/express-parking.ro\/wp-content\/uploads\/2025\/11\/IMG_9684-3-1024x724.jpg\" data-object-fit=\"cover\" srcset=\"https:\/\/express-parking.ro\/wp-content\/uploads\/2025\/11\/IMG_9684-3-1024x724.jpg 1024w, https:\/\/express-parking.ro\/wp-content\/uploads\/2025\/11\/IMG_9684-3-300x212.jpg 300w, https:\/\/express-parking.ro\/wp-content\/uploads\/2025\/11\/IMG_9684-3-768x543.jpg 768w, https:\/\/express-parking.ro\/wp-content\/uploads\/2025\/11\/IMG_9684-3-1536x1086.jpg 1536w, https:\/\/express-parking.ro\/wp-content\/uploads\/2025\/11\/IMG_9684-3-2048x1448.jpg 2048w\" sizes=\"auto, (max-width: 1024px) 100vw, 1024px\" \/><span aria-hidden=\"true\" class=\"wp-block-cover__background has-background-dim\" style=\"background-color:#967677\"><\/span><div class=\"wp-block-cover__inner-container has-global-padding is-layout-constrained wp-block-cover-is-layout-constrained\">\n<p class=\"has-text-align-center has-large-font-size\"><a href=\"https:\/\/maps.app.goo.gl\/icFNqjhrkT3jW69p7\"><kbd>LOCA\u021aIE<\/kbd><\/a><\/p>\n<\/div><\/div>\n\n\n\n<div class=\"wp-block-columns is-layout-flex wp-container-core-columns-is-layout-28f84493 wp-block-columns-is-layout-flex\">\n<div class=\"wp-block-column is-layout-flow wp-block-column-is-layout-flow\"><\/div>\n<\/div>\n<\/div>\n\n\n\n<div class=\"wp-block-group alignfull has-base-background-color has-background has-global-padding is-layout-constrained wp-container-core-group-is-layout-c7a42c40 wp-block-group-is-layout-constrained\" style=\"margin-top:0;margin-bottom:0;padding-top:var(--wp--preset--spacing--20);padding-right:var(--wp--preset--spacing--50);padding-bottom:var(--wp--preset--spacing--20);padding-left:var(--wp--preset--spacing--50)\">\n<div class=\"wp-block-columns alignwide is-layout-flex wp-container-core-columns-is-layout-549b0c86 wp-block-columns-is-layout-flex\">\n<div class=\"wp-block-column has-global-padding is-content-justification-left is-layout-constrained wp-container-core-column-is-layout-4f15e8fe wp-block-column-is-layout-constrained\" style=\"flex-basis:40%\">\n<div class=\"wp-block-group alignfull has-text-color has-background is-layout-flow wp-block-group-is-layout-flow\" style=\"color:#000000;background-color:#ffffff\">\n<div style=\"height:8px\" aria-hidden=\"true\" class=\"wp-block-spacer\"><\/div>\n\n\n\n<h2 class=\"wp-block-heading has-text-align-center\" id=\"schedule-a-visit\" style=\"font-size:clamp(32.969px, 2.061rem + ((1vw - 3.2px) * 2.712), 59px);px;line-height:1.15\"><strong>Rezerv\u0103 un loc<\/strong><\/h2>\n\n\n\n<div class=\"wp-block-buttons is-horizontal is-content-justification-center is-layout-flex wp-container-core-buttons-is-layout-03627597 wp-block-buttons-is-layout-flex\">\n<div class=\"wp-block-button has-custom-width wp-block-button__width-50\"><a class=\"wp-block-button__link has-text-color has-background wp-element-button\" href=\"https:\/\/express-parking.ro\/index.php\/contact\/\" style=\"border-radius:50px;color:#ffffff;background-color:#000000\">Contacteaz\u0103-ne<\/a><\/div>\n<\/div>\n\n\n\n<div style=\"height:20px\" aria-hidden=\"true\" class=\"wp-block-spacer\"><\/div>\n<\/div>\n<\/div>\n\n\n\n<div class=\"wp-block-column is-layout-flow wp-container-core-column-is-layout-119bc444 wp-block-column-is-layout-flow\" style=\"flex-basis:60%\">\n<div class=\"wp-block-columns is-layout-flex wp-container-core-columns-is-layout-87beb0d0 wp-block-columns-is-layout-flex\">\n<div class=\"wp-block-column is-layout-flow wp-block-column-is-layout-flow\">\n<p class=\"wp-container-content-9cfa9a5a\">Ziua de parcare \u00eencepe la ora 00 \u0219i se \u00eencheie la ora 24. Nu se va percepe plata unei zile suplimentare \u00een cazul ridic\u0103rii autoturismului p\u00e2n\u0103 la ora 03, sau pred\u0103rii dup\u0103 ora 23.<\/p>\n<\/div>\n\n\n\n<div class=\"wp-block-column is-layout-flow wp-block-column-is-layout-flow\">\n<p class=\"has-text-align-center\" style=\"font-size:clamp(0.875rem, 0.875rem + ((1vw - 0.2rem) * 0.708), 1.3rem);\"><strong>Dac\u0103 ave\u021bi nel\u0103muriri sau dori\u021bi mai multe detalii referitoare la pre\u021buri, v\u0103 rug\u0103m s\u0103 ne contacta\u021bi<\/strong>!<\/p>\n<\/div>\n<\/div>\n<\/div>\n<\/div>\n<\/div>\n\n\n\n<div class=\"wp-block-group is-nowrap is-layout-flex wp-container-core-group-is-layout-6c531013 wp-block-group-is-layout-flex\">\n<p class=\"has-text-align-center\"><strong>Dispunem de peste 80 de locuri de parcare pavate, suficient de \u00eenc\u0103p\u0103toare pentru a nu v\u0103 pune \u00een dificultate c\u00e2nd urca\u021bi sau cobor\u00e2\u021bi din ma\u0219in\u0103. <\/strong> <strong>Nu solicit\u0103m cheia la predarea autoturismului!<\/strong><\/p>\n<\/div>\n\n\n\n<p class=\"has-text-align-right\"><\/p>\n\n\n\n<p class=\"has-text-align-right\"><\/p>\n\n\n\n<div class=\"wp-block-group alignwide has-base-background-color has-background has-global-padding is-layout-constrained wp-container-core-group-is-layout-d89aad35 wp-block-group-is-layout-constrained\" style=\"margin-top:0;margin-bottom:0;padding-top:var(--wp--preset--spacing--50);padding-right:var(--wp--preset--spacing--50);padding-bottom:var(--wp--preset--spacing--50);padding-left:var(--wp--preset--spacing--50)\">\n<div class=\"wp-block-columns alignwide is-layout-flex wp-container-core-columns-is-layout-549b0c86 wp-block-columns-is-layout-flex\">\n<div class=\"wp-block-column has-global-padding is-content-justification-left is-layout-constrained wp-container-core-column-is-layout-4f15e8fe wp-block-column-is-layout-constrained\" style=\"flex-basis:40%\">\n<div class=\"wp-block-group alignfull has-text-color has-background is-layout-flow wp-block-group-is-layout-flow\" style=\"color:#000000;background-color:#ffffff\">\n<div style=\"height:8px\" aria-hidden=\"true\" class=\"wp-block-spacer\"><\/div>\n\n\n\n<div style=\"height:0px\" aria-hidden=\"true\" class=\"wp-block-spacer\"><\/div>\n<\/div>\n\n\n\n<figure class=\"wp-block-image alignfull size-large\"><img loading=\"lazy\" decoding=\"async\" width=\"576\" height=\"1024\" src=\"https:\/\/express-parking.ro\/wp-content\/uploads\/2025\/05\/pexels-ottovonrascon-103249703-576x1024.jpg\" alt=\"\" class=\"wp-image-36\" srcset=\"https:\/\/express-parking.ro\/wp-content\/uploads\/2025\/05\/pexels-ottovonrascon-103249703-576x1024.jpg 576w, https:\/\/express-parking.ro\/wp-content\/uploads\/2025\/05\/pexels-ottovonrascon-103249703-169x300.jpg 169w, https:\/\/express-parking.ro\/wp-content\/uploads\/2025\/05\/pexels-ottovonrascon-103249703-768x1365.jpg 768w, https:\/\/express-parking.ro\/wp-content\/uploads\/2025\/05\/pexels-ottovonrascon-103249703-864x1536.jpg 864w, https:\/\/express-parking.ro\/wp-content\/uploads\/2025\/05\/pexels-ottovonrascon-103249703-1152x2048.jpg 1152w, https:\/\/express-parking.ro\/wp-content\/uploads\/2025\/05\/pexels-ottovonrascon-103249703-scaled.jpg 1440w\" sizes=\"auto, (max-width: 576px) 100vw, 576px\" \/><\/figure>\n<\/div>\n\n\n\n<div class=\"wp-block-column is-layout-flow wp-container-core-column-is-layout-119bc444 wp-block-column-is-layout-flow\" style=\"flex-basis:60%\">\n<div class=\"wp-block-columns is-layout-flex wp-container-core-columns-is-layout-87beb0d0 wp-block-columns-is-layout-flex\">\n<div class=\"wp-block-column is-layout-flow wp-block-column-is-layout-flow\">\n<h2 class=\"wp-block-heading has-text-align-center has-x-large-font-size\" id=\"Formular-rezervare\">Rezerv\u0103 un loc \u00een parcare complet\u00e2nd formularul<\/h2>\n\n\n\n<p>\u00cen cazul rezerv\u0103rilor solicitate pentru ziua \u00een curs, sau \u00een intervalul orar 22-08, v\u0103 suger\u0103m s\u0103 ne contacta\u021bi telefonic, pentru a afla \u00een timp real disponibilitatea locurilor de parcare. <\/p>\n\n\n\n<p>Neprezentarea\/\u00eent\u00e2rzierea cu mai mult de 30 minute fa\u021b\u0103 de ora sosirii precizat\u0103 \u00een formular, F\u0102R\u0102 A ANUN\u021aA, duce la anularea rezerv\u0103rii \u0219i implicit, la eliberarea locului de parcare.<\/p>\n\n\n\n<p><\/p>\n\n\n\n<p><\/p>\n\n\n\n<p><\/p>\n\n\n<style id=\"wpforms-css-vars-100-block-906969da-cc63-4a7e-a5b9-1cad3b98e66b\">\n\t\t\t\t#wpforms-100.wpforms-block-906969da-cc63-4a7e-a5b9-1cad3b98e66b {\n\t\t\t\t--wpforms-label-color: #262626;\n--wpforms-label-sublabel-color: #7f7f7f;\n--wpforms-label-error-color: #ff0000;\n--wpforms-page-break-color: #dddddd;\n--wpforms-field-border-radius: 0px;\n--wpforms-field-border-color: #cccccc;\n--wpforms-field-border-color-spare: #cccccc;\n--wpforms-field-text-color: #444444;\n--wpforms-button-border-style: solid;\n--wpforms-button-border-radius: 0px;\n--wpforms-button-background-color: #dddddd;\n--wpforms-button-text-color: #666666;\n--wpforms-button-border-color: #cccccc;\n--wpforms-field-size-input-height: 43px;\n--wpforms-field-size-input-spacing: 15px;\n--wpforms-field-size-font-size: 16px;\n--wpforms-field-size-line-height: 19px;\n--wpforms-field-size-padding-h: 14px;\n--wpforms-field-size-checkbox-size: 16px;\n--wpforms-field-size-sublabel-spacing: 5px;\n--wpforms-field-size-icon-size: 1;\n--wpforms-label-size-font-size: 14px;\n--wpforms-label-size-line-height: 17px;\n--wpforms-label-size-sublabel-font-size: 13px;\n--wpforms-label-size-sublabel-line-height: 16px;\n--wpforms-button-size-font-size: 17px;\n--wpforms-button-size-height: 41px;\n--wpforms-button-size-padding-h: 15px;\n--wpforms-button-size-margin-top: 10px;\n\t\t\t}\n\t\t\t<\/style><div class=\"wpforms-container wpforms-container-full wpforms-block wpforms-block-906969da-cc63-4a7e-a5b9-1cad3b98e66b wpforms-render-modern\" id=\"wpforms-100\"><form id=\"wpforms-form-100\" class=\"wpforms-validate wpforms-form wpforms-ajax-form\" data-formid=\"100\" method=\"post\" enctype=\"multipart\/form-data\" action=\"\/index.php\/wp-json\/wp\/v2\/pages\/72\" data-token=\"b65499387adc3e0bed619bf3332b4575\" data-token-time=\"1778243164\"><noscript class=\"wpforms-error-noscript\">Please enable JavaScript in your browser to complete this form.<\/noscript><div id=\"wpforms-error-noscript\" style=\"display: none;\">Please enable JavaScript in your browser to complete this form.<\/div><div class=\"wpforms-field-container\"><div id=\"wpforms-100-field_4-container\" class=\"wpforms-field wpforms-field-name\" data-field-id=\"4\"><label class=\"wpforms-field-label\" for=\"wpforms-100-field_4\">Nume \u0219i Prenume <span class=\"wpforms-required-label\" aria-hidden=\"true\">*<\/span><\/label><input type=\"text\" id=\"wpforms-100-field_4\" class=\"wpforms-field-medium wpforms-field-required\" name=\"wpforms[fields][4]\" aria-errormessage=\"wpforms-100-field_4-error\" required><\/div><div id=\"wpforms-100-field_12-container\" class=\"wpforms-field wpforms-field-number\" data-field-id=\"12\"><label class=\"wpforms-field-label\" for=\"wpforms-100-field_12\">Num\u0103r de telefon <span class=\"wpforms-required-label\" aria-hidden=\"true\">*<\/span><\/label><input type=\"number\" id=\"wpforms-100-field_12\" class=\"wpforms-field-medium wpforms-field-required\" name=\"wpforms[fields][12]\" step=\"any\" aria-errormessage=\"wpforms-100-field_12-error\" required><\/div><div id=\"wpforms-100-field_6-container\" class=\"wpforms-field wpforms-field-email\" data-field-id=\"6\"><label class=\"wpforms-field-label\" for=\"wpforms-100-field_6\">Email <span class=\"wpforms-required-label\" aria-hidden=\"true\">*<\/span><\/label><input type=\"email\" id=\"wpforms-100-field_6\" class=\"wpforms-field-medium wpforms-field-required\" name=\"wpforms[fields][6]\" spellcheck=\"false\" aria-errormessage=\"wpforms-100-field_6-error\" required><\/div><div id=\"wpforms-100-field_5-container\" class=\"wpforms-field wpforms-field-name\" data-field-id=\"5\"><label class=\"wpforms-field-label\" for=\"wpforms-100-field_5\">Num\u0103r de \u00eenmatriculare <span class=\"wpforms-required-label\" aria-hidden=\"true\">*<\/span><\/label><input type=\"text\" id=\"wpforms-100-field_5\" class=\"wpforms-field-medium wpforms-field-required\" name=\"wpforms[fields][5]\" aria-errormessage=\"wpforms-100-field_5-error\" required><\/div><div id=\"wpforms-100-field_8-container\" class=\"wpforms-field wpforms-field-text\" data-field-id=\"8\"><label class=\"wpforms-field-label\" for=\"wpforms-100-field_8\">Data de intrare \u00een parcare <span class=\"wpforms-required-label\" aria-hidden=\"true\">*<\/span><\/label><input type=\"text\" id=\"wpforms-100-field_8\" class=\"wpforms-field-medium wpforms-field-required\" name=\"wpforms[fields][8]\" aria-errormessage=\"wpforms-100-field_8-error\" required><\/div><div id=\"wpforms-100-field_9-container\" class=\"wpforms-field wpforms-field-text\" data-field-id=\"9\"><label class=\"wpforms-field-label\" for=\"wpforms-100-field_9\">Ora de sosire <span class=\"wpforms-required-label\" aria-hidden=\"true\">*<\/span><\/label><input type=\"text\" id=\"wpforms-100-field_9\" class=\"wpforms-field-medium wpforms-field-required\" name=\"wpforms[fields][9]\" aria-errormessage=\"wpforms-100-field_9-error\" required><\/div><div id=\"wpforms-100-field_10-container\" class=\"wpforms-field wpforms-field-text\" data-field-id=\"10\"><label class=\"wpforms-field-label\" for=\"wpforms-100-field_10\">Data de ie\u0219ire din parcare <span class=\"wpforms-required-label\" aria-hidden=\"true\">*<\/span><\/label><input type=\"text\" id=\"wpforms-100-field_10\" class=\"wpforms-field-medium wpforms-field-required\" name=\"wpforms[fields][10]\" aria-errormessage=\"wpforms-100-field_10-error\" required><\/div>\t\t<div id=\"wpforms-100-field_1-container\"\n\t\t\tclass=\"wpforms-field wpforms-field-text\"\n\t\t\tdata-field-type=\"text\"\n\t\t\tdata-field-id=\"1\"\n\t\t\t>\n\t\t\t<label class=\"wpforms-field-label\" for=\"wpforms-100-field_1\" >Email sosire de<\/label>\n\t\t\t<input type=\"text\" id=\"wpforms-100-field_1\" class=\"wpforms-field-medium\" name=\"wpforms[fields][1]\" >\n\t\t<\/div>\n\t\t<div id=\"wpforms-100-field_11-container\" class=\"wpforms-field wpforms-field-text\" data-field-id=\"11\"><label class=\"wpforms-field-label\" for=\"wpforms-100-field_11\">Ora de ie\u0219ire<\/label><input type=\"text\" id=\"wpforms-100-field_11\" class=\"wpforms-field-medium\" name=\"wpforms[fields][11]\" aria-errormessage=\"wpforms-100-field_11-error\" ><\/div><div id=\"wpforms-100-field_13-container\" class=\"wpforms-field wpforms-field-checkbox\" data-field-id=\"13\"><fieldset><legend class=\"wpforms-field-label\">Am citit \u0219i sunt de acord cu Termenii \u0219i Condi\u021biile Express Parking <span class=\"wpforms-required-label\" aria-hidden=\"true\">*<\/span><\/legend><ul id=\"wpforms-100-field_13\" class=\"wpforms-field-required\"><li class=\"choice-3 depth-1\"><input type=\"checkbox\" id=\"wpforms-100-field_13_3\" name=\"wpforms[fields][13][]\" value=\"Da\" aria-errormessage=\"wpforms-100-field_13_3-error\" required ><label class=\"wpforms-field-label-inline\" for=\"wpforms-100-field_13_3\">Da<\/label><\/li><\/ul><\/fieldset><\/div><div id=\"wpforms-100-field_14-container\" class=\"wpforms-field wpforms-field-text\" data-field-id=\"14\"><label class=\"wpforms-field-label\" for=\"wpforms-100-field_14\">Men\u021biuni<\/label><input type=\"text\" id=\"wpforms-100-field_14\" class=\"wpforms-field-medium\" name=\"wpforms[fields][14]\" aria-errormessage=\"wpforms-100-field_14-error\" ><\/div><script>\n\t\t\t\t( function() {\n\t\t\t\t\tconst style = document.createElement( 'style' );\n\t\t\t\t\tstyle.appendChild( document.createTextNode( '#wpforms-100-field_1-container { position: absolute !important; overflow: hidden !important; display: inline !important; height: 1px !important; width: 1px !important; z-index: -1000 !important; padding: 0 !important; } #wpforms-100-field_1-container input { visibility: hidden; } #wpforms-conversational-form-page #wpforms-100-field_1-container label { counter-increment: none; }' ) );\n\t\t\t\t\tdocument.head.appendChild( style );\n\t\t\t\t\tdocument.currentScript?.remove();\n\t\t\t\t} )();\n\t\t\t<\/script><\/div><!-- .wpforms-field-container --><div class=\"wpforms-submit-container\" ><input type=\"hidden\" name=\"wpforms[id]\" value=\"100\"><input type=\"hidden\" name=\"page_title\" value=\"\"><input type=\"hidden\" name=\"page_url\" value=\"https:\/\/express-parking.ro\/index.php\/wp-json\/wp\/v2\/pages\/72\"><input type=\"hidden\" name=\"url_referer\" value=\"\"><button type=\"submit\" name=\"wpforms[submit]\" id=\"wpforms-submit-100\" class=\"wpforms-submit\" data-alt-text=\"Trimitere.....\" data-submit-text=\"Trimite Rezervarea\" aria-live=\"assertive\" value=\"wpforms-submit\">Trimite Rezervarea<\/button><img loading=\"lazy\" decoding=\"async\" src=\"https:\/\/express-parking.ro\/wp-content\/plugins\/wpforms-lite\/assets\/images\/submit-spin.svg\" class=\"wpforms-submit-spinner\" style=\"display: none;\" width=\"26\" height=\"26\" alt=\"Loading\"><\/div><\/form><\/div>  <!-- .wpforms-container --><\/div>\n<\/div>\n<\/div>\n<\/div>\n<\/div>\n\n\n\n<div class=\"wp-block-columns is-layout-flex wp-container-core-columns-is-layout-28f84493 wp-block-columns-is-layout-flex\">\n<div class=\"wp-block-column is-layout-flow wp-block-column-is-layout-flow\"><\/div>\n\n\n\n<div class=\"wp-block-column is-layout-flow wp-block-column-is-layout-flow\">\n<p><\/p>\n<\/div>\n<\/div>\n\n\n\n<p><\/p>\n","protected":false},"excerpt":{"rendered":"<p>EXPRESS PARKING CLUJ &#8211; NAPOCA v\u0103 ofer\u0103 servicii de parcare \u00een imediata vecin\u0103tate a aeroportului interna\u021bional \u201dAvram Iancu\u201d Cluj &#8211; Napoca (l\u00e2ng\u0103 sensul giratoriu din fa\u021ba intr\u0103rii) Profit\u0103 de avantajele oferite \u0219i bucur\u0103-te de vacan\u021b\u0103, f\u0103r\u0103 griji! Parcare aeroport Cluj monitorizare video 24\/7 parcare luminat\u0103 pe toata perioada nop\u021bii personal disponibil 24\/7 posibilitate de plat\u0103 [&hellip;]<\/p>\n","protected":false},"author":1,"featured_media":16,"parent":0,"menu_order":0,"comment_status":"closed","ping_status":"closed","template":"","meta":{"footnotes":""},"class_list":["post-72","page","type-page","status-publish","has-post-thumbnail","hentry"],"_links":{"self":[{"href":"https:\/\/express-parking.ro\/index.php\/wp-json\/wp\/v2\/pages\/72","targetHints":{"allow":["GET"]}}],"collection":[{"href":"https:\/\/express-parking.ro\/index.php\/wp-json\/wp\/v2\/pages"}],"about":[{"href":"https:\/\/express-parking.ro\/index.php\/wp-json\/wp\/v2\/types\/page"}],"author":[{"embeddable":true,"href":"https:\/\/express-parking.ro\/index.php\/wp-json\/wp\/v2\/users\/1"}],"replies":[{"embeddable":true,"href":"https:\/\/express-parking.ro\/index.php\/wp-json\/wp\/v2\/comments?post=72"}],"version-history":[{"count":45,"href":"https:\/\/express-parking.ro\/index.php\/wp-json\/wp\/v2\/pages\/72\/revisions"}],"predecessor-version":[{"id":243,"href":"https:\/\/express-parking.ro\/index.php\/wp-json\/wp\/v2\/pages\/72\/revisions\/243"}],"wp:featuredmedia":[{"embeddable":true,"href":"https:\/\/express-parking.ro\/index.php\/wp-json\/wp\/v2\/media\/16"}],"wp:attachment":[{"href":"https:\/\/express-parking.ro\/index.php\/wp-json\/wp\/v2\/media?parent=72"}],"curies":[{"name":"wp","href":"https:\/\/api.w.org\/{rel}","templated":true}]}}