{"id":3,"date":"2025-05-11T08:50:04","date_gmt":"2025-05-11T08:50:04","guid":{"rendered":"https:\/\/express-parking.ro\/?page_id=3"},"modified":"2025-11-04T12:43:15","modified_gmt":"2025-11-04T12:43:15","slug":"termeni-si-conditii","status":"publish","type":"page","link":"https:\/\/express-parking.ro\/index.php\/termeni-si-conditii\/","title":{"rendered":"Termeni \u0219i Condi\u021bii"},"content":{"rendered":"\n<h2 class=\"wp-block-heading\">Expressparking.ro<\/h2>\n\n\n\n<p>1.<strong>Definitii si termeni<\/strong><\/p>\n\n\n\n<p>Site \u2013 pagina de internet express-parking.ro, prin intermediul careia are loc furnizarea si rezervarea de servicii de parcare<\/p>\n\n\n\n<p>Utilizator \u2013persoana care acceseaza site-ul www.express-parking.ro<\/p>\n\n\n\n<p>Beneficiar\u2013 persoana fizica sau juridica care acceseaza site-ul si face o rezervare pentru servicii de parcare<\/p>\n\n\n\n<p>Furnizor \u2013S.C. DOMISTAR S.R.L., sub denumirea comerciala Express Parking, care ofera servicii de parcare prin intermediul site-ului www.express-parking.ro<\/p>\n\n\n\n<p>Rezervare \u2013 intentia Utilizatorului de a achizitiona servicii de parcare prin intermediul site-ului www.express-parking.ro<\/p>\n\n\n\n<p>2.<strong>Rezervare \/ modificare \/ anulare rezervare<\/strong><\/p>\n\n\n\n<p>Completarea formularului nu reprezinta confirmarea rezervarii unui loc de parcare. In cazul rezervarilor solicitate&nbsp; prin completarea formularului online, confirmarea va fi primita prin SMS\/EMAIL.<\/p>\n\n\n\n<p>In cazul rezervarilor online facute in intervalul 22:00-08:00, confirmarea se va primi in cel mai scurt timp, dupa ora 08:00.<\/p>\n\n\n\n<p>Prin introducerea eronata de catre beneficiar a informatiilor solicitate in formular, furnizorul isi rezerva dreptul de a refuza prestarea serviciilor.<\/p>\n\n\n\n<p>Rezervarea poate fi modificata sau anulata prin transmiterea unui e-mail la adresa mentionata &nbsp;pe site, sau la unul din numerele de telefon afisate, cu cel putin 24 de ore inainte de data si ora precizate in formularul de rezervare. Solicitarea va fi onorata in limita locurilor disponibile.<\/p>\n\n\n\n<p>Prelungirea duratei de stationare in parcare datorate decalarii orelor de aterizare\/decolare este permisa, iar diferenta de tarif se achita la ridicarea masinii.<\/p>\n\n\n\n<p>In cazul modificarii programului de zbor Beneficiarul are obligatia sa anunte Furnizorul in cel mai scurt timp, iar rezervarea locului se va efectua in limita locurilor disponibile.<\/p>\n\n\n\n<p>In cazul lipsei unei rezervari prealabile sau a unei rezervari confirmate, alocarea unui loc de parcare se&nbsp; va efectua in limita disponibilitatii.<\/p>\n\n\n\n<p>In cazul neprezentarii\/intarzierii cu mai mult de 30 min, fara a anunta in prealabil, furnizorul poate refuza oferirea serviciilor solicitate de catre beneficiar.<\/p>\n\n\n\n<p>Depasirea perioadei de stationare stabilite,pentru care s-a incheiat d\u00e9j\u00e0 un contract, este posibila, cu anuntarea furnizorului cu minim 48h inainte de preluarea autoturismului.<\/p>\n\n\n\n<p>&nbsp;In cazul depasirii perioadei stabilite in contract cu mai mult de 3 zile calendaristice, fara anuntarea furnizorului In termenul prevazut, beneficiarul este de acord cu blocarea\/relocarea autoturismul. De asemenea, beneficiarul este de accord si se obliga sa plateasca toate costurile aferente deblocarii si\/sau relocarii vehiculului, precum si noua durata de stationare ce curge de la expirarea termenului prevazut in contractul incheiat intre cele doua parti. Plata se va efectua inainte de preluarea\/deblocarea vehiculului.. In cazul ridicarii si relocarii vehiculului, plata va fi efectuata catre o terta parte, indicate de furnizor.<\/p>\n\n\n\n<p>Express Parking nu raspunde pentru eventualele avarii survenite in urma ridicarii\/relocarii vehiculului.<\/p>\n\n\n\n<p>3.<strong>Tarife si modalitati de plata<\/strong><\/p>\n\n\n\n<p>Lista de preturi afisata pe site este exprimata in lei.<\/p>\n\n\n\n<p>Tarifele afisate pe site sunt valabile in <strong>momentul rezervarii<\/strong>.<\/p>\n\n\n\n<p>Furnizorul isi rezerva dreptul de a modifica oricand lista de tarife.<\/p>\n\n\n\n<p>&nbsp;Express Parking pune la dispozitia clientilor posibilitatea platii cash\/card\/virament bancar.<\/p>\n\n\n\n<p>4.<strong>Obligatiile partilor<\/strong><\/p>\n\n\n\n<p>Furnizorul nu raspunde pentru securitatea autoturismelor, respectiv a bunurilor aflate in acestea, neputand fi tras la raspundere pentru eventualele infractiuni, contraventii, pagube directe sau indirecte ce pot avea loc in parcare.<\/p>\n\n\n\n<p>Eventualele avarii cauzate de modul defectuos in care s-a efectuat parcarea, stationarea sau rularea in interiorul parcarii va atrage raspunderea persoanei care a cauzat avaria, precum si obligatia de remediere \/ suportarea costurilor aferente remedierii.<\/p>\n\n\n\n<p>Furnizorul nu isi asuma raspunderea pentru eventualele daune cauzate de fenomene meteo extreme.<\/p>\n\n\n\n<p>La predarea autoturismului,&nbsp; beneficiarul este obligat sa aduca la cunostiinta furnizorului orice avarie existenta, si sa o fotografieze. Omisiunea fotografierii sau sesizarii avariilor existente, la momentul predarii autoturismului, impiedica beneficiarul sa emita orice pretentie ulterioara catre furnizor.<\/p>\n\n\n\n<p>In cazul incidentelor survenite in perimetrul locatiei, furnizorul poate pune la dispozitia organelor competente inregistrarile video, la solicitarea acestora, in vederea stabilirii imprejurarilor in care a avut loc evenimentul.<\/p>\n\n\n\n<p>Furnizorul isi rezerva dreptul de a refuza solicitarea beneficiarului de a avea acces la inregistrarile video.<\/p>\n\n\n\n<p>In incinta parcarii se vor respecta prevederile OUG 195\/2002R.<\/p>\n\n\n\n<p>Furnizorul asigura paza locatiei prin supraveghere video.<\/p>\n\n\n\n<p>Furnizorul&nbsp; se obliga sa livreze&nbsp; serviciile confirmate.<\/p>\n\n\n\n<p>Administratorul site-ului express-parking.ro isi rezerva dreptul de a modifica in orice moment continutul acestuia, fara notificarea prealabila a persoanelor care il utilizeaza.<\/p>\n\n\n\n<p>Furnizorul nu isi asuma raspunderea pentru eventualele greseli de tehnoredactare.<\/p>\n\n\n\n<p>Utilizarea site-ului si\/sau rezervarea serviciilor de parcare oferite de&nbsp; express-parking.ro reprezinta acordul implicit al utilizatorului cu privire la termenii si conditiile site-ului.<\/p>\n\n\n\n<p>Utilizatorul isi exprima acordul expres de acceptare a termenilor si conditiilor site-ului,&nbsp; in caz contrar acesta trebuie inceteze utilizarea site-ului.<\/p>\n\n\n\n<p>Rezervarea serviciilor de parcare prin intermediul site-ului(formular de rezervare, sms\/apel la numerele puse la dispozitie,email), &nbsp;reprezinta un contract incheiat intre beneficiar si furnizor si implica acceptarea prezentelor Termeni si conditii.<\/p>\n\n\n\n<p>5.<strong>CLAUZE PRIVIND PROTECTIA DATELOR CU CARACTER PERSONAL<\/strong><\/p>\n\n\n\n<p>Adresa web: <a href=\"http:\/\/www.express-parking.ro\">www.express-parking.ro<\/a><\/p>\n\n\n\n<p>Adresa email:contact@express-parking.ro<\/p>\n\n\n\n<p>Sediu: Cluj-Napoca<\/p>\n\n\n\n<p>Express-Parking<strong><em> <\/em><\/strong>va prelucra datele dumneavoastr\u0103 cu caracter personal, cum ar fi nume \u015fi prenume, telefon, adresa de e-mail, adresa de facturare, date referitoare la modul \u00een care utiliza\u021bi Site-ul, de exemplu comportamentul\/preferin\u0163ele\/obi\u015fnuin\u021bele dumneavoastr\u0103 \u00een cadrul&nbsp;site-ului detinut de catre&nbsp;<strong><em>Express-Parking<\/em><\/strong>, precum \u0219i orice alte categorii de date pe care le furniza\u021bi \u00een mod direct, \u00een contextul plas\u0103rii unei comenzi prin intermediul site-ului sau \u00een orice alt mod care rezult\u0103 din utilizarea Site-ului.<\/p>\n\n\n\n<p>Datele dumneavoastra cu cracter personal vor fi prelucrate cu scopul:<\/p>\n\n\n\n<p>-incheierii contractului<\/p>\n\n\n\n<p>-emiterii facturii<\/p>\n\n\n\n<p>-solutionarii eventualelor reclamatii<\/p>\n\n\n\n<p>-indeplinirea obligatiilor legale<\/p>\n\n\n\n<p>Datele cu caracter personal vor fi prelucrate conform Legii 677\/2001 pentru protec\u021bia datelor cu privire la prelucrarea datelor cu caracter personal \u0219i libera circula\u021bie a acestor date.<\/p>\n","protected":false},"excerpt":{"rendered":"<p>Expressparking.ro 1.Definitii si termeni Site \u2013 pagina de internet express-parking.ro, prin intermediul careia are loc furnizarea si rezervarea de servicii de parcare Utilizator \u2013persoana care acceseaza site-ul www.express-parking.ro Beneficiar\u2013 persoana fizica sau juridica care acceseaza site-ul si face o rezervare pentru servicii de parcare Furnizor \u2013S.C. DOMISTAR S.R.L., sub denumirea comerciala Express Parking, care ofera [&hellip;]<\/p>\n","protected":false},"author":1,"featured_media":0,"parent":0,"menu_order":0,"comment_status":"closed","ping_status":"closed","template":"","meta":{"footnotes":""},"class_list":["post-3","page","type-page","status-publish","hentry"],"_links":{"self":[{"href":"https:\/\/express-parking.ro\/index.php\/wp-json\/wp\/v2\/pages\/3","targetHints":{"allow":["GET"]}}],"collection":[{"href":"https:\/\/express-parking.ro\/index.php\/wp-json\/wp\/v2\/pages"}],"about":[{"href":"https:\/\/express-parking.ro\/index.php\/wp-json\/wp\/v2\/types\/page"}],"author":[{"embeddable":true,"href":"https:\/\/express-parking.ro\/index.php\/wp-json\/wp\/v2\/users\/1"}],"replies":[{"embeddable":true,"href":"https:\/\/express-parking.ro\/index.php\/wp-json\/wp\/v2\/comments?post=3"}],"version-history":[{"count":5,"href":"https:\/\/express-parking.ro\/index.php\/wp-json\/wp\/v2\/pages\/3\/revisions"}],"predecessor-version":[{"id":143,"href":"https:\/\/express-parking.ro\/index.php\/wp-json\/wp\/v2\/pages\/3\/revisions\/143"}],"wp:attachment":[{"href":"https:\/\/express-parking.ro\/index.php\/wp-json\/wp\/v2\/media?parent=3"}],"curies":[{"name":"wp","href":"https:\/\/api.w.org\/{rel}","templated":true}]}}